{"id":2156,"date":"2022-02-11T14:39:02","date_gmt":"2022-02-11T14:39:02","guid":{"rendered":"https:\/\/www.aspromagnafaentina.it\/?page_id=2156"},"modified":"2022-03-07T14:42:56","modified_gmt":"2022-03-07T14:42:56","slug":"bando-regionale-partecipazioni-anno-2021","status":"publish","type":"page","link":"https:\/\/www.aspromagnafaentina.it\/?page_id=2156","title":{"rendered":"Bando regionale partecipazioni anno 2021"},"content":{"rendered":"<div>\n<h3>Bando regionale partecipazioni anno 2021<\/h3>\n<\/div>\n<p><img decoding=\"async\" data-src=\"\/wp-content\/uploads\/2022\/03\/Progetto-senza-titolo-e1646663829516.png\" alt=\"\" src=\"data:image\/svg+xml;base64,PHN2ZyB3aWR0aD0iMSIgaGVpZ2h0PSIxIiB4bWxucz0iaHR0cDovL3d3dy53My5vcmcvMjAwMC9zdmciPjwvc3ZnPg==\" class=\"lazyload\" style=\"--smush-placeholder-width: 500px; --smush-placeholder-aspect-ratio: 500\/108;\"><\/p>\n<div>\n<p>\u201cComunit\u00e0 sostenibili: attiviamoci per rendere inclusivi, sicuri, resilienti e sostenibili i nostri paesi\u201d \u00e8 un progetto partecipativo promosso dall&#8217;Asp Romagna faentina, con il contributo della L.R.15\/2018 dell&#8217;Emilia Romagna, che intende rilanciare il ruolo e le funzioni operative dei Comitati Comunali al fine di renderli pi\u00f9 operativi in un&#8217;ottica di presenza sul territorio, di progettualit\u00e0 e di attivazione di progetti e attivit\u00e0.<\/p>\n<p>L\u2019obiettivo, che si richiama esplicitamente all\u2019Agenda 2030, \u00e8 quello di rendere le comunit\u00e0 e i territori pi\u00f9 inclusivi, sicuri, resilienti e sostenibili. Nel caso specifico del progetto \u201cComunit\u00e0 sostenibili\u201d si intende dare ai Comitati Comunali un nuovo protagonismo che sappia promuovere e applicare la sostenibilit\u00e0 con progetti concreti nati e animati dalle persone, associazioni e aziende del territorio. Il tutto promuovendo l&#8217;attivismo e la voglia di mettersi in gioco, in primis, delle nuove generazioni. Sia chi sia gi\u00e0 attivo nel terzo settore o in gruppi di cittadinanza attiva, sia e soprattutto coloro che per la prima volta possono avvicinarsi alle problematiche sociali della popolazioni attivandosi per sostenere le situazioni di fragilit\u00e0.<\/p>\n<p>Il percorso prevede una serie di incontri e di iniziative pubbliche di presentazione e approfondimento del progetto. Momenti di confronto che si svilupperanno nei territori di Castel Bolognese e Solarolo, alternando incontri in presenza e on-line a seconda della situazione sanitaria e dei relativi decreti. La fase successiva prevede l&#8217;attivazione di focus group e laboratori improntati alla rilevazione dei bisogni del territorio per elaborare una Mappa dei bisogni e delle risorse del territorio e per proporre un rinnovamento del regolamento delle funzioni dei Comitati Comunali.<\/p>\n<p>Parallelamente saranno attivati e, nel corso del tempo, ampliati:<br \/>&#8211; un Tavolo di negoziazione, composto dai partner di progetto e poi aperto a nuovi soggetti o persone interessate. Il suo ruolo \u00e8 quello coordinare il progetto, di inviare ad Asp il documento di proposta partecipata e di stabilire le modalit\u00e0 del monitoraggio delle applicazioni delle decisioni in seguito alla chiusura del percorso partecipativo<br \/>&#8211; un Comitato di garanzia locale, composto da persone scelte dal responsabile del progetto e dal Tavolo di negoziazione, anche grazie alla promozione di candidature spontanee tra la cittadinanza.<\/p>\n<p>Queste le principali fasi che seguir\u00e0 il progetto: <br \/><strong>FASE DELLA CONDIVISIONE DEL PERCORSO<\/strong><br \/>Predisposizione del percorso<br \/>Condivisione ed implementazione del progetto con i partner<br \/>Promozione del progetto e delle modalit\u00e0 partecipative<\/p>\n<p><strong>APERTURA DEL PERCORSO PARTECIPATIVO<\/strong><br \/>Informare i cittadini e gli stakeholders rispetto al lavoro di ASP e al ruolo dei Comitati Comunali<br \/>Coinvolgere attivamente la cittadinanza nel processo partecipativo<br \/>Diffondere presso la cittadinanza la conoscenza dell\u2019Agenda 2030 e delle sfide di sostenibilit\u00e0 che coinvolgono le comunit\u00e0<\/p>\n<p><strong>SVOLGIMENTO DEL PROCESSO TRAMITE CONSULTAZIONE<\/strong> <br \/>Conoscere le percezioni e le istanze degli stakeholders rispetto ai temi del progetto<br \/>Promuovere una azione di sostenibilit\u00e0 economica, sociale ed ambientale ideata dai partecipanti<\/p>\n<p><strong>CHIUSURA DEL PROGETTO E VALUTAZIONE IMPATTO<\/strong><br \/>Valorizzazione del percorso realizzato<br \/>Presentazione e disseminazione dei risultati raggiunti<br \/>Valutazione del progetto<br \/>Valutazione tecnico-amministrativa e integrazione delle indicazioni emerse dal percorso<br \/>\u201cComunit\u00e0 sostenibili: attiviamoci per rendere inclusivi, sicuri, resilienti e sostenibili i nostri paesi\u201d \u00e8 coordinata, da Villaggio Globale Coop. Sociale che ha un\u2019esperienza ventennale nell\u2019organizzazione di progetti di innovazione sociale, cittadinanza attiva e processi partecipativi.<\/p>\n<\/div>\n<div>\n<h3>Contatti<\/h3>\n<\/div>\n<div>\n<p><strong>Beatrice Cevolani<\/strong> &#8211; Facilitatrice del percorso \/ Villaggio Globale Coop. Sociale mail: <a href=\"mailto:bcevolani@villaggioglobale.ra.it\">bcevolani@villaggioglobale.ra.it<\/a><\/p>\n<\/div>\n<ul>\n<li>\n<h3>Tavolo di Negoziazione<\/h3>\n<p><a href=\"\/index.php?page_id=2177\">Scopri di pi\u00f9<\/a><\/p>\n<\/li>\n<li>\n<h3>Comitato di Garanzia<\/h3>\n<p><a href=\"\/index.php?page_id=2175\">Scopri di pi\u00f9<\/a><\/p>\n<\/li>\n<li>\n<h3>Partecipa anche tu<\/h3>\n<p><a href=\"\/index.php?page_id=2174\">Scopri di pi\u00f9<\/a><\/p>\n<\/li>\n<li>\n<h3>Eventi<\/h3>\n<p><a href=\"\/index.php?page_id=2172\">Scopri di pi\u00f9<\/a><\/p>\n<\/li>\n<li>\n<h3>Report<\/h3>\n<p><a href=\"\/index.php?page_id=2173\">Scopri di pi\u00f9<\/a><\/p>\n<\/li>\n<\/ul>\n<p><!--more--><br \/>\n<!-- {\"type\":\"layout\",\"children\":[{\"type\":\"section\",\"props\":{\"style\":\"default\",\"width\":\"default\",\"vertical_align\":\"middle\",\"title_position\":\"top-left\",\"title_rotation\":\"left\",\"title_breakpoint\":\"xl\",\"image_position\":\"center-center\"},\"children\":[{\"type\":\"row\",\"children\":[{\"type\":\"column\",\"props\":{\"position_sticky_breakpoint\":\"m\",\"image_position\":\"center-center\",\"media_overlay_gradient\":\"\"},\"children\":[{\"type\":\"panel\",\"props\":{\"link_text\":\"Read more\",\"title_hover_style\":\"reset\",\"title_element\":\"h3\",\"title_align\":\"top\",\"title_grid_width\":\"1-2\",\"title_grid_breakpoint\":\"m\",\"meta_style\":\"meta\",\"meta_align\":\"below-title\",\"meta_element\":\"div\",\"content_column_breakpoint\":\"m\",\"icon_width\":80,\"image_align\":\"top\",\"image_grid_width\":\"1-2\",\"image_grid_breakpoint\":\"m\",\"image_svg_color\":\"emphasis\",\"link_style\":\"default\",\"margin\":\"small\",\"title\":\"Bando regionale partecipazioni anno 2021\",\"panel_style\":\"card-primary\",\"margin_remove_top\":false,\"margin_remove_bottom\":false,\"css\":\".el-element{\\n\\tposition: relative;\\n    top: 0px;\\n    bottom: inherit;\\n    left:inherit;\\n    right: 0px;\\n    padding: 1px;\\n    width: 100%;\\n    height: 35px;\\n    margin: 0px auto;\\n    }\\n.el-title{\\n    padding-left: 20px;\\n}\",\"panel_padding\":\"small\"},\"modified\":\"2021-11-29T16:48:02.606Z\",\"name\":\"Titolo def css\"}]}]},{\"type\":\"row\",\"children\":[{\"type\":\"column\",\"props\":{\"position_sticky_breakpoint\":\"m\",\"image_position\":\"center-center\",\"media_overlay_gradient\":\"\",\"width_medium\":\"\"},\"children\":[{\"type\":\"image\",\"props\":{\"margin\":\"default\",\"image_svg_color\":\"emphasis\",\"image\":\"wp-content\\\/uploads\\\/2022\\\/03\\\/Progetto-senza-titolo-e1646663829516.png\"}}]}]},{\"type\":\"row\",\"children\":[{\"type\":\"column\",\"props\":{\"position_sticky_breakpoint\":\"m\",\"image_position\":\"center-center\",\"media_overlay_gradient\":\"\"},\"children\":[{\"type\":\"text\",\"props\":{\"margin\":\"small\",\"column_breakpoint\":\"m\",\"content\":\"\n\n<p>\\u201cComunit\\u00e0 sostenibili: attiviamoci per rendere inclusivi, sicuri, resilienti e sostenibili i nostri paesi\\u201d \\u00e8 un progetto partecipativo promosso dall'Asp Romagna faentina, con il contributo della L.R.15\\\/2018 dell'Emilia Romagna, che intende rilanciare il ruolo e le funzioni operative dei Comitati Comunali al fine di renderli pi\\u00f9 operativi in un'ottica di presenza sul territorio, di progettualit\\u00e0 e di attivazione di progetti e attivit\\u00e0.<\\\/p>\\n\n\n<p>L\\u2019obiettivo, che si richiama esplicitamente all\\u2019Agenda 2030, \\u00e8 quello di rendere le comunit\\u00e0 e i territori pi\\u00f9 inclusivi, sicuri, resilienti e sostenibili. Nel caso specifico del progetto \\u201cComunit\\u00e0 sostenibili\\u201d si intende dare ai Comitati Comunali un nuovo protagonismo che sappia promuovere e applicare la sostenibilit\\u00e0 con progetti concreti nati e animati dalle persone, associazioni e aziende del territorio. Il tutto promuovendo l'attivismo e la voglia di mettersi in gioco, in primis, delle nuove generazioni. Sia chi sia gi\\u00e0 attivo nel terzo settore o in gruppi di cittadinanza attiva, sia e soprattutto coloro che per la prima volta possono avvicinarsi alle problematiche sociali della popolazioni attivandosi per sostenere le situazioni di fragilit\\u00e0.<\\\/p>\\n\n\n<p>Il percorso prevede una serie di incontri e di iniziative pubbliche di presentazione e approfondimento del progetto. Momenti di confronto che si svilupperanno nei territori di Castel Bolognese e Solarolo, alternando incontri in presenza e on-line a seconda della situazione sanitaria e dei relativi decreti. La fase successiva prevede l'attivazione di focus group e laboratori improntati alla rilevazione dei bisogni del territorio per elaborare una Mappa dei bisogni e delle risorse del territorio e per proporre un rinnovamento del regolamento delle funzioni dei Comitati Comunali.<\\\/p>\\n\n\n<p>Parallelamente saranno attivati e, nel corso del tempo, ampliati:<br \\\/>- un Tavolo di negoziazione, composto dai partner di progetto e poi aperto a nuovi soggetti o persone interessate. Il suo ruolo \\u00e8 quello coordinare il progetto, di inviare ad Asp il documento di proposta partecipata e di stabilire le modalit\\u00e0 del monitoraggio delle applicazioni delle decisioni in seguito alla chiusura del percorso partecipativo<br \\\/>- un Comitato di garanzia locale, composto da persone scelte dal responsabile del progetto e dal Tavolo di negoziazione, anche grazie alla promozione di candidature spontanee tra la cittadinanza.<\\\/p>\\n\n\n<p>Queste le principali fasi che seguir\\u00e0 il progetto: <br \\\/><strong>FASE DELLA CONDIVISIONE DEL PERCORSO<\\\/strong><br \\\/>Predisposizione del percorso<br \\\/>Condivisione ed implementazione del progetto con i partner<br \\\/>Promozione del progetto e delle modalit\\u00e0 partecipative<\\\/p>\\n\n\n<p><strong>APERTURA DEL PERCORSO PARTECIPATIVO<\\\/strong><br \\\/>Informare i cittadini e gli stakeholders rispetto al lavoro di ASP e al ruolo dei Comitati Comunali<br \\\/>Coinvolgere attivamente la cittadinanza nel processo partecipativo<br \\\/>Diffondere presso la cittadinanza la conoscenza dell\\u2019Agenda 2030 e delle sfide di sostenibilit\\u00e0 che coinvolgono le comunit\\u00e0<\\\/p>\\n\n\n<p><strong>SVOLGIMENTO DEL PROCESSO TRAMITE CONSULTAZIONE<\\\/strong> <br \\\/>Conoscere le percezioni e le istanze degli stakeholders rispetto ai temi del progetto<br \\\/>Promuovere una azione di sostenibilit\\u00e0 economica, sociale ed ambientale ideata dai partecipanti<\\\/p>\\n\n\n<p><strong>CHIUSURA DEL PROGETTO E VALUTAZIONE IMPATTO<\\\/strong><br \\\/>Valorizzazione del percorso realizzato<br \\\/>Presentazione e disseminazione dei risultati raggiunti<br \\\/>Valutazione del progetto<br \\\/>Valutazione tecnico-amministrativa e integrazione delle indicazioni emerse dal percorso<br \\\/>\\u201cComunit\\u00e0 sostenibili: attiviamoci per rendere inclusivi, sicuri, resilienti e sostenibili i nostri paesi\\u201d \\u00e8 coordinata, da Villaggio Globale Coop. Sociale che ha un\\u2019esperienza ventennale nell\\u2019organizzazione di progetti di innovazione sociale, cittadinanza attiva e processi partecipativi.<\\\/p>\",\"css\":\".el-element{\\n    text-align:justify;\\n}\"},\"modified\":\"2021-11-23T17:20:20.392Z\",\"name\":\"Testo giustificato con padding small\"},{\"type\":\"panel\",\"props\":{\"link_text\":\"Read more\",\"title_hover_style\":\"reset\",\"title_element\":\"h3\",\"title_align\":\"top\",\"title_grid_width\":\"1-2\",\"title_grid_breakpoint\":\"m\",\"meta_style\":\"meta\",\"meta_align\":\"below-title\",\"meta_element\":\"div\",\"content_column_breakpoint\":\"m\",\"icon_width\":80,\"image_align\":\"top\",\"image_grid_width\":\"1-2\",\"image_grid_breakpoint\":\"m\",\"image_svg_color\":\"emphasis\",\"link_style\":\"default\",\"margin\":\"small\",\"title\":\"Contatti\",\"panel_style\":\"card-primary\",\"margin_remove_top\":false,\"margin_remove_bottom\":false,\"css\":\".el-element{\\n\\tposition: relative;\\n    top: 0px;\\n    bottom: inherit;\\n    left:inherit;\\n    right: 0px;\\n    padding: 1px;\\n    width: 100%;\\n    height: 35px;\\n    margin: 0px auto;\\n    }\\n.el-title{\\n    padding-left: 20px;\\n}\",\"panel_padding\":\"small\"},\"modified\":\"2021-11-29T16:48:02.606Z\",\"name\":\"Titolo def css\"},{\"type\":\"text\",\"props\":{\"margin\":\"small\",\"column_breakpoint\":\"m\",\"content\":\"\n\n<p><strong>Beatrice Cevolani<\\\/strong> - Facilitatrice del percorso \\\/ Villaggio Globale Coop. Sociale mail: <a href=\\\"mailto:bcevolani@villaggioglobale.ra.it\\\">bcevolani@villaggioglobale.ra.it<\\\/a><\\\/p>\",\"css\":\".el-element{\\n    text-align:justify;\\n}\"},\"modified\":\"2021-11-23T17:20:20.392Z\",\"name\":\"Testo giustificato con padding small\"}]}]}]},{\"type\":\"section\",\"props\":{\"style\":\"default\",\"width\":\"xlarge\",\"vertical_align\":\"middle\",\"title_position\":\"top-left\",\"title_rotation\":\"left\",\"title_breakpoint\":\"xl\",\"image_position\":\"center-center\"},\"children\":[{\"type\":\"row\",\"children\":[{\"type\":\"column\",\"props\":{\"position_sticky_breakpoint\":\"m\",\"image_position\":\"center-center\",\"media_overlay_gradient\":\"\"},\"children\":[{\"type\":\"grid\",\"props\":{\"show_title\":true,\"show_meta\":true,\"show_content\":true,\"show_image\":true,\"show_link\":true,\"grid_default\":\"1\",\"grid_medium\":\"5\",\"filter_style\":\"tab\",\"filter_all\":true,\"filter_position\":\"top\",\"filter_align\":\"left\",\"filter_grid_width\":\"auto\",\"filter_grid_breakpoint\":\"m\",\"title_hover_style\":\"reset\",\"title_element\":\"h3\",\"title_align\":\"top\",\"title_grid_width\":\"1-2\",\"title_grid_breakpoint\":\"m\",\"meta_style\":\"meta\",\"meta_align\":\"below-title\",\"meta_element\":\"div\",\"content_column_breakpoint\":\"m\",\"icon_width\":80,\"image_align\":\"top\",\"image_grid_width\":\"1-2\",\"image_grid_breakpoint\":\"m\",\"image_svg_color\":\"emphasis\",\"link_text\":\"Scopri di pi\\u00f9\",\"link_style\":\"primary\",\"margin\":\"default\",\"item_animation\":true,\"panel_style\":\"card-default\",\"image_width\":\"80\",\"text_align\":\"center\",\"panel_padding\":\"default\"},\"children\":[{\"type\":\"grid_item\",\"props\":{\"title\":\"Tavolo di Negoziazione\",\"link\":\"index.php?page_id=2177\"}},{\"type\":\"grid_item\",\"props\":{\"title\":\"Comitato di Garanzia\",\"link\":\"index.php?page_id=2175\"}},{\"type\":\"grid_item\",\"props\":{\"title\":\"Partecipa anche tu\",\"link\":\"index.php?page_id=2174\"}},{\"type\":\"grid_item\",\"props\":{\"title\":\"Eventi\",\"link\":\"index.php?page_id=2172\"}},{\"type\":\"grid_item\",\"props\":{\"title\":\"Report\",\"link\":\"index.php?page_id=2173\"}}],\"modified\":\"2021-11-23T15:11:44.783Z\",\"name\":\"Sostegno\"}]}]}]}],\"version\":\"2.7.16\"} --><\/p>\n","protected":false},"excerpt":{"rendered":"<p>Bando regionale partecipazioni anno 2021 \u201cComunit\u00e0 sostenibili: attiviamoci per rendere inclusivi, sicuri, resilienti e sostenibili i nostri paesi\u201d \u00e8 un progetto partecipativo promosso dall&#8217;Asp Romagna faentina, con il contributo della L.R.15\/2018 dell&#8217;Emilia Romagna, che intende rilanciare il ruolo e le funzioni operative dei Comitati Comunali al fine di renderli pi\u00f9 operativi in un&#8217;ottica di presenza [&hellip;]<\/p>\n","protected":false},"author":6,"featured_media":0,"parent":0,"menu_order":0,"comment_status":"closed","ping_status":"closed","template":"","meta":{"_themeisle_gutenberg_block_has_review":false,"footnotes":""},"class_list":["post-2156","page","type-page","status-publish","hentry"],"rttpg_featured_image_url":null,"rttpg_author":{"display_name":"progettofuturo","author_link":"https:\/\/www.aspromagnafaentina.it\/?author=6"},"rttpg_comment":0,"rttpg_category":null,"rttpg_excerpt":"Bando regionale partecipazioni anno 2021 \u201cComunit\u00e0 sostenibili: attiviamoci per rendere inclusivi, sicuri, resilienti e sostenibili i nostri paesi\u201d \u00e8 un progetto partecipativo promosso dall&#8217;Asp Romagna faentina, con il contributo della L.R.15\/2018 dell&#8217;Emilia Romagna, che intende rilanciare il ruolo e le funzioni operative dei Comitati Comunali al fine di renderli pi\u00f9 operativi in un&#8217;ottica di presenza&hellip;","_links":{"self":[{"href":"https:\/\/www.aspromagnafaentina.it\/index.php?rest_route=\/wp\/v2\/pages\/2156","targetHints":{"allow":["GET"]}}],"collection":[{"href":"https:\/\/www.aspromagnafaentina.it\/index.php?rest_route=\/wp\/v2\/pages"}],"about":[{"href":"https:\/\/www.aspromagnafaentina.it\/index.php?rest_route=\/wp\/v2\/types\/page"}],"author":[{"embeddable":true,"href":"https:\/\/www.aspromagnafaentina.it\/index.php?rest_route=\/wp\/v2\/users\/6"}],"replies":[{"embeddable":true,"href":"https:\/\/www.aspromagnafaentina.it\/index.php?rest_route=%2Fwp%2Fv2%2Fcomments&post=2156"}],"version-history":[{"count":0,"href":"https:\/\/www.aspromagnafaentina.it\/index.php?rest_route=\/wp\/v2\/pages\/2156\/revisions"}],"wp:attachment":[{"href":"https:\/\/www.aspromagnafaentina.it\/index.php?rest_route=%2Fwp%2Fv2%2Fmedia&parent=2156"}],"curies":[{"name":"wp","href":"https:\/\/api.w.org\/{rel}","templated":true}]}}