{"id":259,"date":"2021-10-05T16:45:49","date_gmt":"2021-10-05T16:45:49","guid":{"rendered":"https:\/\/aspromagnafaentina.computerfaenza.it\/?page_id=259"},"modified":"2021-11-23T17:09:53","modified_gmt":"2021-11-23T17:09:53","slug":"area-anziani","status":"publish","type":"page","link":"https:\/\/www.aspromagnafaentina.it\/?page_id=259","title":{"rendered":"Area Anziani"},"content":{"rendered":"<div>\n<p>L\u2019ASP della Romagna Faentina opera nell\u2019ambito dei servizi residenziali, semiresidenziali e di sostegno alla domiciliarit\u00e0 presso le quattro Residenze:<\/p>\n<\/div>\n<ul>\n<li>\n<p>        <img decoding=\"async\" data-src=\"\/wp-content\/uploads\/2021\/10\/5DM30243-Faenza-Residenza-il-Fontanone.jpg\" alt=\"\" src=\"data:image\/svg+xml;base64,PHN2ZyB3aWR0aD0iMSIgaGVpZ2h0PSIxIiB4bWxucz0iaHR0cDovL3d3dy53My5vcmcvMjAwMC9zdmciPjwvc3ZnPg==\" class=\"lazyload\" style=\"--smush-placeholder-width: 680px; --smush-placeholder-aspect-ratio: 680\/460;\"><\/p>\n<div>\n<p><strong>Il Fontanone<\/strong><span>\u00a0<\/span>di Faenza<\/p>\n<\/div>\n<p><a href=\"\/index.php?page_id=531\"><\/a><\/p>\n<\/li>\n<li>\n<p>        <img decoding=\"async\" data-src=\"\/wp-content\/uploads\/2021\/10\/5DM39908-Solarolo-Residenza-Bennoli.jpg\" alt=\"\" src=\"data:image\/svg+xml;base64,PHN2ZyB3aWR0aD0iMSIgaGVpZ2h0PSIxIiB4bWxucz0iaHR0cDovL3d3dy53My5vcmcvMjAwMC9zdmciPjwvc3ZnPg==\" class=\"lazyload\" style=\"--smush-placeholder-width: 680px; --smush-placeholder-aspect-ratio: 680\/453;\"><\/p>\n<div>\n<p><strong>V. Bennoli<\/strong><span>\u00a0<\/span>di Solarolo<\/p>\n<\/div>\n<p><a href=\"\/index.php?page_id=569\"><\/a><\/p>\n<\/li>\n<li>\n<p>        <img decoding=\"async\" data-src=\"\/wp-content\/uploads\/2021\/10\/5DM30208-Castel-Bolognese-Residenza-Camerini.jpg\" alt=\"\" src=\"data:image\/svg+xml;base64,PHN2ZyB3aWR0aD0iMSIgaGVpZ2h0PSIxIiB4bWxucz0iaHR0cDovL3d3dy53My5vcmcvMjAwMC9zdmciPjwvc3ZnPg==\" class=\"lazyload\" style=\"--smush-placeholder-width: 680px; --smush-placeholder-aspect-ratio: 680\/453;\"><\/p>\n<div>\n<p><strong>Camerini<\/strong><span>\u00a0<\/span><span>di Castel Bolognese<\/span><\/p>\n<\/div>\n<p><a href=\"\/index.php?page_id=565\"><\/a><\/p>\n<\/li>\n<li>\n<p>        <img decoding=\"async\" data-src=\"\/wp-content\/uploads\/2021\/10\/5DM39615-Fognano-Residenza-S.-Caterina-e-Don-Ciani.jpg\" alt=\"\" src=\"data:image\/svg+xml;base64,PHN2ZyB3aWR0aD0iMSIgaGVpZ2h0PSIxIiB4bWxucz0iaHR0cDovL3d3dy53My5vcmcvMjAwMC9zdmciPjwvc3ZnPg==\" class=\"lazyload\" style=\"--smush-placeholder-width: 680px; --smush-placeholder-aspect-ratio: 680\/453;\"><\/p>\n<div>\n<p><strong>Santa Caterina e Don Ciani<\/strong><span>\u00a0di Fognano<\/span><\/p>\n<\/div>\n<p><a href=\"\/index.php?page_id=567\"><\/a><\/p>\n<\/li>\n<\/ul>\n<ul>\n<li>\n<p>        <img decoding=\"async\" data-src=\"\/wp-content\/uploads\/2021\/10\/apartment.png\" alt=\"\" src=\"data:image\/svg+xml;base64,PHN2ZyB3aWR0aD0iMSIgaGVpZ2h0PSIxIiB4bWxucz0iaHR0cDovL3d3dy53My5vcmcvMjAwMC9zdmciPjwvc3ZnPg==\" class=\"lazyload\" style=\"--smush-placeholder-width: 512px; --smush-placeholder-aspect-ratio: 512\/512;\"><\/p>\n<h3>Servizi Residenziali<\/h3>\n<p><a href=\"\/index.php?page_id=1607\">Scopri di pi\u00f9<\/a><\/p>\n<\/li>\n<li>\n<p>        <img decoding=\"async\" data-src=\"\/wp-content\/uploads\/2021\/10\/1084081.png\" alt=\"\" src=\"data:image\/svg+xml;base64,PHN2ZyB3aWR0aD0iMSIgaGVpZ2h0PSIxIiB4bWxucz0iaHR0cDovL3d3dy53My5vcmcvMjAwMC9zdmciPjwvc3ZnPg==\" class=\"lazyload\" style=\"--smush-placeholder-width: 512px; --smush-placeholder-aspect-ratio: 512\/512;\"><\/p>\n<h3>Servizi Semiresidenziali<\/h3>\n<p><a href=\"\/index.php?page_id=1609\">Scopri di pi\u00f9<\/a><\/p>\n<\/li>\n<li>\n<p>        <img decoding=\"async\" data-src=\"\/wp-content\/uploads\/2021\/10\/home-1.png\" alt=\"\" src=\"data:image\/svg+xml;base64,PHN2ZyB3aWR0aD0iMSIgaGVpZ2h0PSIxIiB4bWxucz0iaHR0cDovL3d3dy53My5vcmcvMjAwMC9zdmciPjwvc3ZnPg==\" class=\"lazyload\" style=\"--smush-placeholder-width: 512px; --smush-placeholder-aspect-ratio: 512\/512;\"><\/p>\n<h3>Mini alloggi Brisighella<\/h3>\n<p><a href=\"\/index.php?page_id=1263\">Scopri di pi\u00f9<\/a><\/p>\n<\/li>\n<li>\n<p>        <img decoding=\"async\" data-src=\"\/wp-content\/uploads\/2021\/10\/elderly-1.png\" alt=\"\" src=\"data:image\/svg+xml;base64,PHN2ZyB3aWR0aD0iMSIgaGVpZ2h0PSIxIiB4bWxucz0iaHR0cDovL3d3dy53My5vcmcvMjAwMC9zdmciPjwvc3ZnPg==\" class=\"lazyload\" style=\"--smush-placeholder-width: 512px; --smush-placeholder-aspect-ratio: 512\/512;\"><\/p>\n<h3>Sostegno alla Domiciliarit\u00e0<\/h3>\n<p><a href=\"\/index.php?page_id=605\">Scopri di pi\u00f9<\/a><\/p>\n<\/li>\n<\/ul>\n<p><!--more--><br \/>\n<!-- {\"type\":\"layout\",\"children\":[{\"type\":\"section\",\"props\":{\"style\":\"default\",\"width\":\"default\",\"vertical_align\":\"middle\",\"title_position\":\"top-left\",\"title_rotation\":\"left\",\"title_breakpoint\":\"xl\",\"image_position\":\"center-center\"},\"children\":[{\"type\":\"row\",\"children\":[{\"type\":\"column\",\"props\":{\"image_position\":\"center-center\",\"media_overlay_gradient\":\"\"},\"children\":[{\"type\":\"text\",\"props\":{\"margin\":\"default\",\"column_breakpoint\":\"m\",\"content\":\"\n\n<p>L\\u2019ASP della Romagna Faentina opera nell\\u2019ambito dei servizi residenziali, semiresidenziali e di sostegno alla domiciliarit\\u00e0 presso le quattro Residenze:<\\\/p>\"}},{\"type\":\"grid\",\"props\":{\"show_title\":true,\"show_meta\":true,\"show_content\":true,\"show_image\":true,\"show_link\":true,\"grid_default\":\"1\",\"grid_medium\":\"4\",\"filter_style\":\"tab\",\"filter_all\":true,\"filter_position\":\"top\",\"filter_align\":\"left\",\"filter_grid_width\":\"auto\",\"filter_grid_breakpoint\":\"m\",\"title_hover_style\":\"reset\",\"title_element\":\"h3\",\"title_align\":\"top\",\"title_grid_width\":\"1-2\",\"title_grid_breakpoint\":\"m\",\"meta_style\":\"meta\",\"meta_align\":\"below-title\",\"meta_element\":\"div\",\"content_column_breakpoint\":\"m\",\"icon_width\":80,\"image_align\":\"top\",\"image_grid_width\":\"1-2\",\"image_grid_breakpoint\":\"m\",\"image_svg_color\":\"emphasis\",\"link_text\":\"\",\"link_style\":\"default\",\"margin\":\"default\",\"item_animation\":true,\"panel_link\":true},\"children\":[{\"type\":\"grid_item\",\"props\":{\"title\":\"\",\"image\":\"wp-content\\\/uploads\\\/2021\\\/10\\\/5DM30243-Faenza-Residenza-il-Fontanone.jpg\",\"content\":\"\n\n<p><strong>Il Fontanone<\\\/strong><span>\\u00a0<\\\/span>di Faenza<\\\/p>\",\"link\":\"index.php?page_id=531\"}},{\"type\":\"grid_item\",\"props\":{\"meta\":\"\",\"title\":\"\",\"image\":\"wp-content\\\/uploads\\\/2021\\\/10\\\/5DM39908-Solarolo-Residenza-Bennoli.jpg\",\"content\":\"\n\n<p><strong>V. Bennoli<\\\/strong><span>\\u00a0<\\\/span>di Solarolo<\\\/p>\",\"link\":\"index.php?page_id=569\"}},{\"type\":\"grid_item\",\"props\":{\"image\":\"wp-content\\\/uploads\\\/2021\\\/10\\\/5DM30208-Castel-Bolognese-Residenza-Camerini.jpg\",\"content\":\"\n\n<p><strong>Camerini<\\\/strong><span>\\u00a0<\\\/span><span>di Castel Bolognese<\\\/span><\\\/p>\",\"link\":\"index.php?page_id=565\"}},{\"type\":\"grid_item\",\"props\":{\"content\":\"\n\n<p><strong>Santa Caterina e Don Ciani<\\\/strong><span>\\u00a0di Fognano<\\\/span><\\\/p>\",\"image\":\"wp-content\\\/uploads\\\/2021\\\/10\\\/5DM39615-Fognano-Residenza-S.-Caterina-e-Don-Ciani.jpg\",\"link\":\"index.php?page_id=567\"}}]}]}]}]},{\"type\":\"section\",\"props\":{\"style\":\"default\",\"width\":\"expand\",\"vertical_align\":\"middle\",\"title_position\":\"top-left\",\"title_rotation\":\"left\",\"title_breakpoint\":\"xl\",\"image_position\":\"center-center\",\"padding_remove_top\":true},\"children\":[{\"type\":\"row\",\"children\":[{\"type\":\"column\",\"props\":{\"image_position\":\"center-center\",\"media_overlay_gradient\":\"\"},\"children\":[{\"type\":\"grid\",\"props\":{\"show_title\":true,\"show_meta\":true,\"show_content\":true,\"show_image\":true,\"show_link\":true,\"grid_default\":\"1\",\"grid_medium\":\"4\",\"filter_style\":\"tab\",\"filter_all\":true,\"filter_position\":\"top\",\"filter_align\":\"left\",\"filter_grid_width\":\"auto\",\"filter_grid_breakpoint\":\"m\",\"title_hover_style\":\"reset\",\"title_element\":\"h3\",\"title_align\":\"top\",\"title_grid_width\":\"1-2\",\"title_grid_breakpoint\":\"m\",\"meta_style\":\"meta\",\"meta_align\":\"below-title\",\"meta_element\":\"div\",\"content_column_breakpoint\":\"m\",\"icon_width\":80,\"image_align\":\"top\",\"image_grid_width\":\"1-2\",\"image_grid_breakpoint\":\"m\",\"image_svg_color\":\"emphasis\",\"link_text\":\"Scopri di pi\\u00f9\",\"link_style\":\"primary\",\"margin\":\"default\",\"item_animation\":true,\"image_width\":\"100\",\"panel_style\":\"card-secondary\",\"text_align\":\"center\"},\"children\":[{\"type\":\"grid_item\",\"props\":{\"title\":\"Servizi Residenziali\",\"image\":\"wp-content\\\/uploads\\\/2021\\\/10\\\/apartment.png\",\"link\":\"index.php?page_id=1607\"}},{\"type\":\"grid_item\",\"props\":{\"title\":\"Servizi Semiresidenziali\",\"image\":\"wp-content\\\/uploads\\\/2021\\\/10\\\/1084081.png\",\"link\":\"index.php?page_id=1609\"}},{\"type\":\"grid_item\",\"props\":{\"title\":\"Mini alloggi Brisighella\",\"image\":\"wp-content\\\/uploads\\\/2021\\\/10\\\/home-1.png\",\"link\":\"index.php?page_id=1263\"}},{\"type\":\"grid_item\",\"props\":{\"title\":\"Sostegno alla Domiciliarit\\u00e0\",\"image\":\"wp-content\\\/uploads\\\/2021\\\/10\\\/elderly-1.png\",\"link\":\"index.php?page_id=605\"}}]}]}]}]}],\"version\":\"2.6.5\"} --><\/p>\n","protected":false},"excerpt":{"rendered":"<p>L\u2019ASP della Romagna Faentina opera nell\u2019ambito dei servizi residenziali, semiresidenziali e di sostegno alla domiciliarit\u00e0 presso le quattro Residenze: Il Fontanone\u00a0di Faenza V. Bennoli\u00a0di Solarolo Camerini\u00a0di Castel Bolognese Santa Caterina e Don Ciani\u00a0di Fognano Servizi Residenziali Scopri di pi\u00f9 Servizi Semiresidenziali Scopri di pi\u00f9 Mini alloggi Brisighella Scopri di pi\u00f9 Sostegno alla Domiciliarit\u00e0 Scopri di [&hellip;]<\/p>\n","protected":false},"author":6,"featured_media":0,"parent":0,"menu_order":0,"comment_status":"closed","ping_status":"closed","template":"","meta":{"_themeisle_gutenberg_block_has_review":false,"footnotes":""},"class_list":["post-259","page","type-page","status-publish","hentry"],"rttpg_featured_image_url":null,"rttpg_author":{"display_name":"progettofuturo","author_link":"https:\/\/www.aspromagnafaentina.it\/?author=6"},"rttpg_comment":0,"rttpg_category":null,"rttpg_excerpt":"L\u2019ASP della Romagna Faentina opera nell\u2019ambito dei servizi residenziali, semiresidenziali e di sostegno alla domiciliarit\u00e0 presso le quattro Residenze: Il Fontanone\u00a0di Faenza V. Bennoli\u00a0di Solarolo Camerini\u00a0di Castel Bolognese Santa Caterina e Don Ciani\u00a0di Fognano Servizi Residenziali Scopri di pi\u00f9 Servizi Semiresidenziali Scopri di pi\u00f9 Mini alloggi Brisighella Scopri di pi\u00f9 Sostegno alla Domiciliarit\u00e0 Scopri di&hellip;","_links":{"self":[{"href":"https:\/\/www.aspromagnafaentina.it\/index.php?rest_route=\/wp\/v2\/pages\/259","targetHints":{"allow":["GET"]}}],"collection":[{"href":"https:\/\/www.aspromagnafaentina.it\/index.php?rest_route=\/wp\/v2\/pages"}],"about":[{"href":"https:\/\/www.aspromagnafaentina.it\/index.php?rest_route=\/wp\/v2\/types\/page"}],"author":[{"embeddable":true,"href":"https:\/\/www.aspromagnafaentina.it\/index.php?rest_route=\/wp\/v2\/users\/6"}],"replies":[{"embeddable":true,"href":"https:\/\/www.aspromagnafaentina.it\/index.php?rest_route=%2Fwp%2Fv2%2Fcomments&post=259"}],"version-history":[{"count":0,"href":"https:\/\/www.aspromagnafaentina.it\/index.php?rest_route=\/wp\/v2\/pages\/259\/revisions"}],"wp:attachment":[{"href":"https:\/\/www.aspromagnafaentina.it\/index.php?rest_route=%2Fwp%2Fv2%2Fmedia&parent=259"}],"curies":[{"name":"wp","href":"https:\/\/api.w.org\/{rel}","templated":true}]}}