{"id":264,"date":"2021-10-05T16:48:13","date_gmt":"2021-10-05T16:48:13","guid":{"rendered":"https:\/\/aspromagnafaentina.computerfaenza.it\/?page_id=264"},"modified":"2021-11-23T16:14:49","modified_gmt":"2021-11-23T16:14:49","slug":"area-disabilita-e-disagio-sociale","status":"publish","type":"page","link":"https:\/\/www.aspromagnafaentina.it\/?page_id=264","title":{"rendered":"Area disabilit\u00e0 e disagio sociale"},"content":{"rendered":"<ul>\n<li>\n<p>        <img decoding=\"async\" data-src=\"\/wp-content\/uploads\/2021\/11\/right-arrow.png\" alt=\"\" src=\"data:image\/svg+xml;base64,PHN2ZyB3aWR0aD0iMSIgaGVpZ2h0PSIxIiB4bWxucz0iaHR0cDovL3d3dy53My5vcmcvMjAwMC9zdmciPjwvc3ZnPg==\" class=\"lazyload\" style=\"--smush-placeholder-width: 512px; --smush-placeholder-aspect-ratio: 512\/512;\"><\/p>\n<h3>Dopo di Noi<\/h3>\n<p><a href=\"\/index.php?page_id=1072\">Scopri di pi\u00f9<\/a><\/p>\n<\/li>\n<li>\n<p>        <img decoding=\"async\" data-src=\"\/wp-content\/uploads\/2021\/10\/disabled-sign.png\" alt=\"\" src=\"data:image\/svg+xml;base64,PHN2ZyB3aWR0aD0iMSIgaGVpZ2h0PSIxIiB4bWxucz0iaHR0cDovL3d3dy53My5vcmcvMjAwMC9zdmciPjwvc3ZnPg==\" class=\"lazyload\" style=\"--smush-placeholder-width: 512px; --smush-placeholder-aspect-ratio: 512\/512;\"><\/p>\n<h3>Progetti sperimentali laboratorio per disabilit\u00e0<\/h3>\n<p><a href=\"\/index.php?page_id=1070\">Scopri di pi\u00f9<\/a><\/p>\n<\/li>\n<li>\n<p>        <img decoding=\"async\" data-src=\"\/wp-content\/uploads\/2021\/11\/cooperation.png\" alt=\"\" src=\"data:image\/svg+xml;base64,PHN2ZyB3aWR0aD0iMSIgaGVpZ2h0PSIxIiB4bWxucz0iaHR0cDovL3d3dy53My5vcmcvMjAwMC9zdmciPjwvc3ZnPg==\" class=\"lazyload\" style=\"--smush-placeholder-width: 512px; --smush-placeholder-aspect-ratio: 512\/512;\"><\/p>\n<h3>Coordinamento tavolo disabilit\u00e0<\/h3>\n<p><a href=\"\/index.php?page_id=1071\">Scopri di pi\u00f9<\/a><\/p>\n<\/li>\n<li>\n<p>        <img decoding=\"async\" data-src=\"\/wp-content\/uploads\/2021\/11\/no-riba.png\" alt=\"\" src=\"data:image\/svg+xml;base64,PHN2ZyB3aWR0aD0iMSIgaGVpZ2h0PSIxIiB4bWxucz0iaHR0cDovL3d3dy53My5vcmcvMjAwMC9zdmciPjwvc3ZnPg==\" class=\"lazyload\" style=\"--smush-placeholder-width: 512px; --smush-placeholder-aspect-ratio: 512\/512;\"><\/p>\n<h3>Faenza contro l&#8217;usura<\/h3>\n<p><a href=\"\/index.php?page_id=637\">Scopri di pi\u00f9<\/a><\/p>\n<\/li>\n<\/ul>\n<p><!--more--><br \/>\n<!-- {\"type\":\"layout\",\"children\":[{\"type\":\"section\",\"props\":{\"style\":\"default\",\"width\":\"default\",\"vertical_align\":\"\",\"title_position\":\"top-left\",\"title_rotation\":\"left\",\"title_breakpoint\":\"xl\",\"image_position\":\"center-center\",\"image\":\"wp-content\\\/uploads\\\/2021\\\/11\\\/josh-appel-0nkFvdcM-X4-unsplash-scaled.jpg\",\"height\":\"percent\",\"image_effect\":\"fixed\"},\"children\":[{\"type\":\"row\",\"children\":[{\"type\":\"column\",\"props\":{\"image_position\":\"center-center\",\"media_overlay_gradient\":\"\"},\"children\":[]}]}]},{\"type\":\"section\",\"props\":{\"style\":\"default\",\"width\":\"expand\",\"vertical_align\":\"middle\",\"title_position\":\"top-left\",\"title_rotation\":\"left\",\"title_breakpoint\":\"xl\",\"image_position\":\"center-center\"},\"children\":[{\"type\":\"row\",\"children\":[{\"type\":\"column\",\"props\":{\"image_position\":\"center-center\",\"media_overlay_gradient\":\"\"},\"children\":[{\"type\":\"grid\",\"props\":{\"show_title\":true,\"show_meta\":true,\"show_content\":true,\"show_image\":true,\"show_link\":true,\"grid_default\":\"1\",\"grid_medium\":\"4\",\"filter_style\":\"tab\",\"filter_all\":true,\"filter_position\":\"top\",\"filter_align\":\"left\",\"filter_grid_width\":\"auto\",\"filter_grid_breakpoint\":\"m\",\"title_hover_style\":\"reset\",\"title_element\":\"h3\",\"title_align\":\"top\",\"title_grid_width\":\"1-2\",\"title_grid_breakpoint\":\"m\",\"meta_style\":\"meta\",\"meta_align\":\"below-title\",\"meta_element\":\"div\",\"content_column_breakpoint\":\"m\",\"icon_width\":80,\"image_align\":\"top\",\"image_grid_width\":\"1-2\",\"image_grid_breakpoint\":\"m\",\"image_svg_color\":\"emphasis\",\"link_text\":\"Scopri di pi\\u00f9\",\"link_style\":\"primary\",\"margin\":\"default\",\"item_animation\":true,\"panel_style\":\"card-default\",\"image_width\":\"80\",\"text_align\":\"center\"},\"children\":[{\"type\":\"grid_item\",\"props\":{\"title\":\"Dopo di Noi\",\"link\":\"index.php?page_id=1072\",\"image\":\"wp-content\\\/uploads\\\/2021\\\/11\\\/right-arrow.png\"}},{\"type\":\"grid_item\",\"props\":{\"title\":\"Progetti sperimentali laboratorio per disabilit\\u00e0\",\"link\":\"index.php?page_id=1070\",\"image\":\"wp-content\\\/uploads\\\/2021\\\/10\\\/disabled-sign.png\"}},{\"type\":\"grid_item\",\"props\":{\"title\":\"Coordinamento tavolo disabilit\\u00e0\",\"link\":\"index.php?page_id=1071\",\"image\":\"wp-content\\\/uploads\\\/2021\\\/11\\\/cooperation.png\"}},{\"type\":\"grid_item\",\"props\":{\"title\":\"Faenza contro l'usura\",\"link\":\"index.php?page_id=637\",\"image\":\"wp-content\\\/uploads\\\/2021\\\/11\\\/no-riba.png\"}}],\"modified\":\"2021-11-23T15:11:44.783Z\",\"name\":\"Sostegno\"}]}],\"props\":{\"row_gap\":\"collapse\"}}]}],\"version\":\"2.6.5\"} --><\/p>\n","protected":false},"excerpt":{"rendered":"<p>Dopo di Noi Scopri di pi\u00f9 Progetti sperimentali laboratorio per disabilit\u00e0 Scopri di pi\u00f9 Coordinamento tavolo disabilit\u00e0 Scopri di pi\u00f9 Faenza contro l&#8217;usura Scopri di pi\u00f9<\/p>\n","protected":false},"author":6,"featured_media":0,"parent":0,"menu_order":0,"comment_status":"closed","ping_status":"closed","template":"","meta":{"_themeisle_gutenberg_block_has_review":false,"footnotes":""},"class_list":["post-264","page","type-page","status-publish","hentry"],"rttpg_featured_image_url":null,"rttpg_author":{"display_name":"progettofuturo","author_link":"https:\/\/www.aspromagnafaentina.it\/?author=6"},"rttpg_comment":0,"rttpg_category":null,"rttpg_excerpt":"Dopo di Noi Scopri di pi\u00f9 Progetti sperimentali laboratorio per disabilit\u00e0 Scopri di pi\u00f9 Coordinamento tavolo disabilit\u00e0 Scopri di pi\u00f9 Faenza contro l&#8217;usura Scopri di pi\u00f9","_links":{"self":[{"href":"https:\/\/www.aspromagnafaentina.it\/index.php?rest_route=\/wp\/v2\/pages\/264","targetHints":{"allow":["GET"]}}],"collection":[{"href":"https:\/\/www.aspromagnafaentina.it\/index.php?rest_route=\/wp\/v2\/pages"}],"about":[{"href":"https:\/\/www.aspromagnafaentina.it\/index.php?rest_route=\/wp\/v2\/types\/page"}],"author":[{"embeddable":true,"href":"https:\/\/www.aspromagnafaentina.it\/index.php?rest_route=\/wp\/v2\/users\/6"}],"replies":[{"embeddable":true,"href":"https:\/\/www.aspromagnafaentina.it\/index.php?rest_route=%2Fwp%2Fv2%2Fcomments&post=264"}],"version-history":[{"count":0,"href":"https:\/\/www.aspromagnafaentina.it\/index.php?rest_route=\/wp\/v2\/pages\/264\/revisions"}],"wp:attachment":[{"href":"https:\/\/www.aspromagnafaentina.it\/index.php?rest_route=%2Fwp%2Fv2%2Fmedia&parent=264"}],"curies":[{"name":"wp","href":"https:\/\/api.w.org\/{rel}","templated":true}]}}