{"id":698,"date":"2021-11-17T08:03:55","date_gmt":"2021-11-17T08:03:55","guid":{"rendered":"https:\/\/www.aspromagnafaentina.it\/?page_id=698"},"modified":"2022-03-07T11:30:31","modified_gmt":"2022-03-07T11:30:31","slug":"collaborano-con-noi","status":"publish","type":"page","link":"https:\/\/www.aspromagnafaentina.it\/?page_id=698","title":{"rendered":"Collaborano con noi"},"content":{"rendered":"<ul>\n<li>\n<h3>Fondazione Berardi<\/h3>\n<p><a href=\"\/index.php?page_id=1225\">Scopri di pi\u00f9<\/a><\/p>\n<\/li>\n<li>\n<h3>Associazioni di Volontariato<\/h3>\n<p><a href=\"\/index.php?page_id=1889\">Scopri di pi\u00f9<\/a><\/p>\n<\/li>\n<li>\n<h3>Aiuto Materno <\/h3>\n<p><a href=\"\/index.php?page_id=1848\">Scopri di pi\u00f9<\/a><\/p>\n<\/li>\n<li>\n<h3>Associazione Alzheimer<\/h3>\n<p><a href=\"\/index.php?page_id=1867\">Scopri di pi\u00f9<\/a><\/p>\n<\/li>\n<li>\n<h3>Fondazione Adventum<\/h3>\n<p><a href=\"\/index.php?page_id=637\">Scopri di pi\u00f9<\/a><\/p>\n<\/li>\n<li>\n<h3>Filodrammatica Berton <\/h3>\n<p><a href=\"#\">Scopri di pi\u00f9<\/a><\/p>\n<\/li>\n<\/ul>\n<p><!--more--><br \/>\n<!-- {\"type\":\"layout\",\"children\":[{\"type\":\"section\",\"props\":{\"style\":\"default\",\"width\":\"default\",\"vertical_align\":\"middle\",\"title_position\":\"top-left\",\"title_rotation\":\"left\",\"title_breakpoint\":\"xl\",\"image_position\":\"center-center\"},\"children\":[{\"type\":\"row\",\"children\":[{\"type\":\"column\",\"props\":{\"image_position\":\"center-center\",\"media_overlay_gradient\":\"\",\"position_sticky_breakpoint\":\"m\"},\"children\":[{\"type\":\"grid\",\"props\":{\"show_title\":true,\"show_meta\":true,\"show_content\":true,\"show_image\":true,\"show_link\":true,\"grid_default\":\"1\",\"grid_medium\":\"3\",\"filter_style\":\"tab\",\"filter_all\":true,\"filter_position\":\"top\",\"filter_align\":\"left\",\"filter_grid_width\":\"auto\",\"filter_grid_breakpoint\":\"m\",\"title_hover_style\":\"reset\",\"title_element\":\"h3\",\"title_align\":\"top\",\"title_grid_width\":\"1-2\",\"title_grid_breakpoint\":\"m\",\"meta_style\":\"meta\",\"meta_align\":\"below-title\",\"meta_element\":\"div\",\"content_column_breakpoint\":\"m\",\"icon_width\":80,\"image_align\":\"top\",\"image_grid_width\":\"1-2\",\"image_grid_breakpoint\":\"m\",\"image_svg_color\":\"emphasis\",\"link_text\":\"Scopri di pi\\u00f9\",\"link_style\":\"default\",\"margin\":\"default\",\"item_animation\":true,\"panel_style\":\"card-default\",\"text_align\":\"center\",\"panel_padding\":\"default\"},\"children\":[{\"type\":\"grid_item\",\"props\":{\"title\":\"Fondazione Berardi\",\"link\":\"index.php?page_id=1225\"}},{\"type\":\"grid_item\",\"props\":{\"title\":\"Associazioni di Volontariato\",\"link\":\"index.php?page_id=1889\"}},{\"type\":\"grid_item\",\"props\":{\"title\":\"Aiuto Materno \",\"link\":\"index.php?page_id=1848\"}},{\"type\":\"grid_item\",\"props\":{\"title\":\"Associazione Alzheimer\",\"link\":\"index.php?page_id=1867\"}},{\"type\":\"grid_item\",\"props\":{\"title\":\"Fondazione Adventum\",\"link\":\"index.php?page_id=637\"}},{\"type\":\"grid_item\",\"props\":{\"title\":\"Filodrammatica Berton \",\"link\":\"#\"}}]}]}]}]}],\"version\":\"2.7.16\"} --><\/p>\n","protected":false},"excerpt":{"rendered":"<p>Fondazione Berardi Scopri di pi\u00f9 Associazioni di Volontariato Scopri di pi\u00f9 Aiuto Materno Scopri di pi\u00f9 Associazione Alzheimer Scopri di pi\u00f9 Fondazione Adventum Scopri di pi\u00f9 Filodrammatica Berton Scopri di pi\u00f9<\/p>\n","protected":false},"author":6,"featured_media":0,"parent":0,"menu_order":0,"comment_status":"closed","ping_status":"closed","template":"","meta":{"_themeisle_gutenberg_block_has_review":false,"footnotes":""},"class_list":["post-698","page","type-page","status-publish","hentry"],"rttpg_featured_image_url":null,"rttpg_author":{"display_name":"progettofuturo","author_link":"https:\/\/www.aspromagnafaentina.it\/?author=6"},"rttpg_comment":0,"rttpg_category":null,"rttpg_excerpt":"Fondazione Berardi Scopri di pi\u00f9 Associazioni di Volontariato Scopri di pi\u00f9 Aiuto Materno Scopri di pi\u00f9 Associazione Alzheimer Scopri di pi\u00f9 Fondazione Adventum Scopri di pi\u00f9 Filodrammatica Berton Scopri di pi\u00f9","_links":{"self":[{"href":"https:\/\/www.aspromagnafaentina.it\/index.php?rest_route=\/wp\/v2\/pages\/698","targetHints":{"allow":["GET"]}}],"collection":[{"href":"https:\/\/www.aspromagnafaentina.it\/index.php?rest_route=\/wp\/v2\/pages"}],"about":[{"href":"https:\/\/www.aspromagnafaentina.it\/index.php?rest_route=\/wp\/v2\/types\/page"}],"author":[{"embeddable":true,"href":"https:\/\/www.aspromagnafaentina.it\/index.php?rest_route=\/wp\/v2\/users\/6"}],"replies":[{"embeddable":true,"href":"https:\/\/www.aspromagnafaentina.it\/index.php?rest_route=%2Fwp%2Fv2%2Fcomments&post=698"}],"version-history":[{"count":0,"href":"https:\/\/www.aspromagnafaentina.it\/index.php?rest_route=\/wp\/v2\/pages\/698\/revisions"}],"wp:attachment":[{"href":"https:\/\/www.aspromagnafaentina.it\/index.php?rest_route=%2Fwp%2Fv2%2Fmedia&parent=698"}],"curies":[{"name":"wp","href":"https:\/\/api.w.org\/{rel}","templated":true}]}}