{"id":703,"date":"2021-11-17T08:04:59","date_gmt":"2021-11-17T08:04:59","guid":{"rendered":"https:\/\/www.aspromagnafaentina.it\/?page_id=703"},"modified":"2026-01-16T10:27:03","modified_gmt":"2026-01-16T09:27:03","slug":"lavori-di-pubblica-utilita-messa-alla-prova","status":"publish","type":"page","link":"https:\/\/www.aspromagnafaentina.it\/?page_id=703","title":{"rendered":"Lavori di Pubblica Utilit\u00e0 \/ Messa alla prova"},"content":{"rendered":"<div>\n<h3> Lavori di Pubblica Utilit\u00e0\/ Messa Alla Prova<\/h3>\n<\/div>\n<div>\n<h2 style=\"text-align: center;\"><strong>Al momento non si rilasciano disponibilit\u00e0<\/strong><\/h2>\n<p>I soggetti condannati alla pena sostitutiva del Lavoro di Pubblica Utilit\u00e0 (guida in stato d\u2019ebbrezza ex art. 186, comma 9-bis Codice della strada) e quelli sottoposti a procedimento sospeso con messa alla prova ai sensi dell\u2019art. 168 bis c.p. possono svolgere attivit\u00e0 non retribuita a favore della collettivit\u00e0 presso l\u2019ASP della Romagna<br \/>L\u2019attivit\u00e0 viene svolta presso una delle seguenti residenze di ASP: Residenza Camerini di Castel Bolognese, Residenza Bennoli di Solarolo e Residenza il Fontanone di Faenza grazie alla Convenzione sottoscritta con il Tribunale di Ravenna, che individua le tipologie di attivit\u00e0 che si possono svolgere, che disciplina le modalit\u00e0 di svolgimento del lavoro, nonch\u00e9 le modalit\u00e0 di raccordo con le autorit\u00e0 incaricate di svolgere le attivit\u00e0 di verifica.<br \/>&#8211; Convenzione con il Tribunale di Ravenna\u00a0<br \/>&#8211; Modulo di richiesta disponibilit\u00e0\u00a0<br \/><strong>Referente<\/strong>: dott.ssa Anna Pezzi <a href=\"tel:0546699505\">0546699505<\/a> \u2013 <a href=\"mailto:a.pezzi@aspromagnafaentina.it\">a.pezzi@aspromagnafaentina.it<\/a><\/p>\n<\/div>\n<ul>\n<li>\n<p>\n        <a href=\"\/wp-content\/uploads\/2021\/11\/Convenzione-con-il-tribunale.pdf\">Convenzione con il tribunale<\/a>\n    <\/p>\n<\/li>\n<li>\n<p>\n        <a href=\"\/wp-content\/uploads\/2021\/11\/MODULO-richiesta-disponibilita-LPU-Messa-alla-prova.docx\">Modulo richiesta disponibilit\u00e0 LPU &#8211; Messa alla prova<\/a>\n    <\/p>\n<\/li>\n<\/ul>\n<p><!--more--><br \/>\n<!-- {\"type\":\"layout\",\"children\":[{\"type\":\"section\",\"props\":{\"image_position\":\"center-center\",\"style\":\"default\",\"title_breakpoint\":\"xl\",\"title_position\":\"top-left\",\"title_rotation\":\"left\",\"vertical_align\":\"\",\"width\":\"default\"},\"children\":[{\"type\":\"row\",\"children\":[{\"type\":\"column\",\"props\":{\"image_position\":\"center-center\",\"position_sticky_breakpoint\":\"m\"},\"children\":[{\"type\":\"panel\",\"props\":{\"content_column_breakpoint\":\"m\",\"icon_width\":80,\"image_align\":\"top\",\"image_grid_breakpoint\":\"m\",\"image_grid_width\":\"1-2\",\"image_svg_color\":\"emphasis\",\"link_style\":\"default\",\"link_text\":\"Read more\",\"margin\":\"small\",\"margin_remove_bottom\":false,\"margin_remove_top\":false,\"meta_align\":\"below-title\",\"meta_element\":\"div\",\"meta_style\":\"text-meta\",\"panel_padding\":\"small\",\"panel_style\":\"card-primary\",\"title\":\" Lavori di Pubblica Utilit\\u00e0\\\/ Messa Alla Prova\",\"title_align\":\"top\",\"title_element\":\"h3\",\"title_grid_breakpoint\":\"m\",\"title_grid_width\":\"1-2\",\"title_hover_style\":\"reset\"},\"modified\":\"2021-11-23T16:22:56.717Z\",\"name\":\"Titolo def\"},{\"type\":\"text\",\"props\":{\"column_breakpoint\":\"m\",\"content\":\"\n\n<h2 style=\\\"text-align: center;\\\"><strong>Al momento non si rilasciano disponibilit\\u00e0<\\\/strong><\\\/h2>\\n\n\n<p>I soggetti condannati alla pena sostitutiva del Lavoro di Pubblica Utilit\\u00e0 (guida in stato d\\u2019ebbrezza ex art. 186, comma 9-bis Codice della strada) e quelli sottoposti a procedimento sospeso con messa alla prova ai sensi dell\\u2019art. 168 bis c.p. possono svolgere attivit\\u00e0 non retribuita a favore della collettivit\\u00e0 presso l\\u2019ASP della Romagna<br \\\/>L\\u2019attivit\\u00e0 viene svolta presso una delle seguenti residenze di ASP: Residenza Camerini di Castel Bolognese, Residenza Bennoli di Solarolo e Residenza il Fontanone di Faenza grazie alla Convenzione sottoscritta con il Tribunale di Ravenna, che individua le tipologie di attivit\\u00e0 che si possono svolgere, che disciplina le modalit\\u00e0 di svolgimento del lavoro, nonch\\u00e9 le modalit\\u00e0 di raccordo con le autorit\\u00e0 incaricate di svolgere le attivit\\u00e0 di verifica.<br \\\/>- Convenzione con il Tribunale di Ravenna\\u00a0<br \\\/>- Modulo di richiesta disponibilit\\u00e0\\u00a0<br \\\/><strong>Referente<\\\/strong>: dott.ssa Anna Pezzi <a href=\\\"tel:0546699505\\\">0546699505<\\\/a> \\u2013 <a href=\\\"mailto:a.pezzi@aspromagnafaentina.it\\\">a.pezzi@aspromagnafaentina.it<\\\/a><\\\/p>\",\"margin\":\"small\"}},{\"type\":\"button\",\"props\":{\"grid_column_gap\":\"small\",\"grid_row_gap\":\"small\",\"margin\":\"default\"},\"children\":[{\"type\":\"button_item\",\"props\":{\"button_style\":\"default\",\"content\":\"Convenzione con il tribunale\",\"dialog_layout\":\"modal\",\"dialog_offcanvas_flip\":true,\"icon\":\"download\",\"icon_align\":\"left\",\"link\":\"wp-content\\\/uploads\\\/2021\\\/11\\\/Convenzione-con-il-tribunale.pdf\"}},{\"type\":\"button_item\",\"props\":{\"button_style\":\"default\",\"content\":\"Modulo richiesta disponibilit\\u00e0 LPU - Messa alla prova\",\"dialog_layout\":\"modal\",\"dialog_offcanvas_flip\":true,\"icon\":\"download\",\"icon_align\":\"left\",\"link\":\"wp-content\\\/uploads\\\/2021\\\/11\\\/MODULO-richiesta-disponibilita-LPU-Messa-alla-prova.docx\"}}]}]}]}]}],\"version\":\"4.5.31\"} --><\/p>\n","protected":false},"excerpt":{"rendered":"<p>Lavori di Pubblica Utilit\u00e0\/ Messa Alla Prova Al momento non si rilasciano disponibilit\u00e0 I soggetti condannati alla pena sostitutiva del Lavoro di Pubblica Utilit\u00e0 (guida in stato d\u2019ebbrezza ex art. 186, comma 9-bis Codice della strada) e quelli sottoposti a procedimento sospeso con messa alla prova ai sensi dell\u2019art. 168 bis c.p. possono svolgere attivit\u00e0 [&hellip;]<\/p>\n","protected":false},"author":6,"featured_media":0,"parent":0,"menu_order":0,"comment_status":"closed","ping_status":"closed","template":"","meta":{"_themeisle_gutenberg_block_has_review":false,"footnotes":""},"class_list":["post-703","page","type-page","status-publish","hentry"],"rttpg_featured_image_url":null,"rttpg_author":{"display_name":"progettofuturo","author_link":"https:\/\/www.aspromagnafaentina.it\/?author=6"},"rttpg_comment":0,"rttpg_category":null,"rttpg_excerpt":"Lavori di Pubblica Utilit\u00e0\/ Messa Alla Prova Al momento non si rilasciano disponibilit\u00e0 I soggetti condannati alla pena sostitutiva del Lavoro di Pubblica Utilit\u00e0 (guida in stato d\u2019ebbrezza ex art. 186, comma 9-bis Codice della strada) e quelli sottoposti a procedimento sospeso con messa alla prova ai sensi dell\u2019art. 168 bis c.p. possono svolgere attivit\u00e0&hellip;","_links":{"self":[{"href":"https:\/\/www.aspromagnafaentina.it\/index.php?rest_route=\/wp\/v2\/pages\/703","targetHints":{"allow":["GET"]}}],"collection":[{"href":"https:\/\/www.aspromagnafaentina.it\/index.php?rest_route=\/wp\/v2\/pages"}],"about":[{"href":"https:\/\/www.aspromagnafaentina.it\/index.php?rest_route=\/wp\/v2\/types\/page"}],"author":[{"embeddable":true,"href":"https:\/\/www.aspromagnafaentina.it\/index.php?rest_route=\/wp\/v2\/users\/6"}],"replies":[{"embeddable":true,"href":"https:\/\/www.aspromagnafaentina.it\/index.php?rest_route=%2Fwp%2Fv2%2Fcomments&post=703"}],"version-history":[{"count":1,"href":"https:\/\/www.aspromagnafaentina.it\/index.php?rest_route=\/wp\/v2\/pages\/703\/revisions"}],"predecessor-version":[{"id":18692,"href":"https:\/\/www.aspromagnafaentina.it\/index.php?rest_route=\/wp\/v2\/pages\/703\/revisions\/18692"}],"wp:attachment":[{"href":"https:\/\/www.aspromagnafaentina.it\/index.php?rest_route=%2Fwp%2Fv2%2Fmedia&parent=703"}],"curies":[{"name":"wp","href":"https:\/\/api.w.org\/{rel}","templated":true}]}}