{"id":73,"date":"2021-10-04T16:02:42","date_gmt":"2021-10-04T16:02:42","guid":{"rendered":"https:\/\/aspromagnafaentina.computerfaenza.it\/?page_id=73"},"modified":"2022-03-08T10:19:45","modified_gmt":"2022-03-08T10:19:45","slug":"presentazione","status":"publish","type":"page","link":"https:\/\/www.aspromagnafaentina.it\/?page_id=73","title":{"rendered":"Presentazione"},"content":{"rendered":"<h1>\n<h2>La mission<\/h2>\n<\/h1>\n<div>\n<p>La<span>\u00a0<\/span><strong>ASP della Romagna Faentina<\/strong><span>\u00a0<\/span>\u00e8 un ente pubblico di servizi alla persona che storicamente si rivolge ai soggetti pi\u00f9 fragili del territorio, che intende:<\/p>\n<ul>\n<li>essere un interlocutore capace di intercettare la fragilit\u00e0 emergente e<span>\u00a0<\/span><strong>dare risposte tempestive alle esigenze del territorio<\/strong><span>\u00a0<\/span>grazie al forte legame con la comunit\u00e0 di riferimento derivante dalla tradizione e dalle relazioni con il tessuto sociale;<\/li>\n<li>offrire assistenza, supporto, cura e vicinanza in particolare alle fasce deboli della popolazione, attraverso la<span>\u00a0<\/span><strong>creazione di una rete di servizi integrati e innovativi<\/strong>, alla flessibilit\u00e0 e rapidit\u00e0 nell\u2019erogazione degli interventi, al valore umano e professionale dei suoi operatori;<\/li>\n<li>generare esperienze di sussidiariet\u00e0 orizzontale sul territorio della Romagna Faentina e diffondere una<span>\u00a0<\/span><strong>cultura improntata alla partecipazione, alla trasparenza e ai valori condivisi<\/strong><span>\u00a0<\/span>con le comunit\u00e0.<\/li>\n<\/ul>\n<\/div>\n<h1>\n<h2>I valori<\/h2>\n<\/h1>\n<div>\n<p>I principi e i valori che ispirano i programmi, le attivit\u00e0 degli operatori, i rapporti con i cittadini:<\/p>\n<\/div>\n<ul>\n<li>\n<p>        <img decoding=\"async\" data-src=\"\/wp-content\/uploads\/2021\/10\/hand.png\" alt=\"\" src=\"data:image\/svg+xml;base64,PHN2ZyB3aWR0aD0iMSIgaGVpZ2h0PSIxIiB4bWxucz0iaHR0cDovL3d3dy53My5vcmcvMjAwMC9zdmciPjwvc3ZnPg==\" class=\"lazyload\" style=\"--smush-placeholder-width: 512px; --smush-placeholder-aspect-ratio: 512\/512;\"><\/p>\n<h6>CENTRALITA\u2019 DELLA PERSONA<\/h6>\n<div>\n<p style=\"text-align: left;\"><span>Gli assistiti quali soggetti di riferimento per tutte le scelte del servizio. Visti come persone con bisogni assistenziali, sanitari, relazionali e affettivi. Visti come cittadini portatori di diritti. Visti come clienti che portano richieste e danno risorse.<\/span><\/p>\n<\/div>\n<\/li>\n<li>\n<p>        <img decoding=\"async\" data-src=\"\/wp-content\/uploads\/2021\/10\/employee.png\" alt=\"\" src=\"data:image\/svg+xml;base64,PHN2ZyB3aWR0aD0iMSIgaGVpZ2h0PSIxIiB4bWxucz0iaHR0cDovL3d3dy53My5vcmcvMjAwMC9zdmciPjwvc3ZnPg==\" class=\"lazyload\" style=\"--smush-placeholder-width: 512px; --smush-placeholder-aspect-ratio: 512\/512;\"><\/p>\n<h6>PROFESSIONALITA\u2019 DEGLI OPERATORI<\/h6>\n<div>\n<p style=\"text-align: left;\"><span>Gli operatori sanitari e socio assistenziali sono i garanti del benessere dell\u2019anziano e della qualit\u00e0 del servizio. Sono il capitale principale dei nostri servizi. Per tali ragioni sono fondamentali le capacit\u00e0 tecnico-operative e relazionali di ognuno.<\/span><\/p>\n<\/div>\n<\/li>\n<li>\n<p>        <img decoding=\"async\" data-src=\"\/wp-content\/uploads\/2021\/10\/parents.png\" alt=\"\" src=\"data:image\/svg+xml;base64,PHN2ZyB3aWR0aD0iMSIgaGVpZ2h0PSIxIiB4bWxucz0iaHR0cDovL3d3dy53My5vcmcvMjAwMC9zdmciPjwvc3ZnPg==\" class=\"lazyload\" style=\"--smush-placeholder-width: 512px; --smush-placeholder-aspect-ratio: 512\/512;\"><\/p>\n<h6>I FAMILIARI VISTI COME UNA RISORSA<\/h6>\n<div>\n<p style=\"text-align: left;\"><span>L\u2019alleanza fra i familiari e l\u2019intero servizio \u00e8 costantemente ricercata sia al momento dell\u2019ingresso sia per la definizione e il raggiungimento di alcuni obiettivi fondamentali per il benessere psico-fisico degli assistiti.<\/span><\/p>\n<\/div>\n<\/li>\n<\/ul>\n<h1>\n<h2>La nostra storia<\/h2>\n<\/h1>\n<div>\n<p>ASP della Romagna Faentina \u00e8 stata costituita con DGR n. 54\/2015 e decorrenza 1 febbraio 2015 dall\u2019unificazione di due Aziende di Servizi alla Persona: l\u2019ASP \u201cPrendersi cura\u201d di Faenza e l\u2019ASP \u201cSolidariet\u00e0 Insieme\u201d di Castel Bolognese.<br \/>Entrambe le ASP si rivolgono storicamente ai soggetti pi\u00f9 fragili del territorio, a minori, adolescenti, disabili e anziani, offrendo servizi in ambito assistenziale, sociale e socio-sanitario.<br \/>L\u2019innovazione e lo sviluppo dei servizi di oggi si coniuga con la tradizione derivante dalla lunga storia delle Opere Pie, o IPAB, diventate nel 2008 Aziende di Servizi alla Persona.<\/p>\n<p><strong>La storia dell\u2019ASP \u201cPrendersi cura\u201d<\/strong><\/p>\n<p>Da Opera Pia o IPAB, nel marzo 2008, diventa Azienda Pubblica di Servizi alla Persona mantenendo la sua vocazione di vicinanza ai bisogni del territorio, di aiuto, sostegno e protezione nei confronti delle persone che si trovano a vivere un fragile periodo della vita connotato da difficolt\u00e0.<br \/>I suoi punti di riferimento si trovano a Faenza presso la Residenza \u201cIl Fontanone\u201d e a Solarolo presso la Residenza \u201cBennoli\u201d.<br \/>Nel corso degli anni sono stati portati avanti importanti interventi di ristrutturazione del patrimonio immobiliare ospitanti le attivit\u00e0 dell\u2019ASP, unitamente alla realizzazione di nuovi ambienti per il potenziamento dei servizi.<br \/>Sono instaurate importanti collaborazioni con gli attori del territorio e gli enti di volontariato che supportano l\u2019attivit\u00e0 dell\u2019ASP.<\/p>\n<p><strong>La storia dell\u2019ASP \u201cSolidariet\u00e0 Insieme\u201d<\/strong><\/p>\n<p>L\u2019inizio dell\u2019attivit\u00e0 risale al 1 febbraio 2008. \u00c8 sorta dalla fusione delle seguenti istituzioni pubbliche di assistenza e beneficienza presenti storicamente nel territorio del Distretto di Faenza.<br \/>Nello specifico: 7 Opere Pie Raggruppate di Brisighella (Opera Pia Mazzetti, Opera Pia Paolina, Opera Pia Orfanotrofio Maschile Lega, Opera Pia Orfanotrofio Femminile Garatoni, Opera Pia Carlo e Lucia Ragazzini, Opera Pia di Beneficienza Lega-Zambelli); casa di riposo per anziani \u201cS. Caterina e Don Ciani\u201d di Fognano; Opera Pia casa di riposo \u201cS. Antonio Abate e SS. Filippo e Giacomo\u201d di Casola Valsenio; 2 Opere Pie Raggruppate di Castel Bolognese (Opera Pia Camerini ed Ospedale degli Infermi, Opera Pia Orfanotrofio Femminile).<\/p>\n<\/div>\n<ul>\n<li>\n<h3>Atti Costitutivi<\/h3>\n<p><a href=\"\/index.php?page_id=3321\">Scopri di pi\u00f9<\/a><\/p>\n<\/li>\n<li>\n<h3>Bilanci<\/h3>\n<p><a href=\"\/index.php?page_id=3323\">Scopri di pi\u00f9<\/a><\/p>\n<\/li>\n<\/ul>\n<p><!--more--><br \/>\n<!-- {\"type\":\"layout\",\"children\":[{\"type\":\"section\",\"props\":{\"style\":\"default\",\"width\":\"\",\"vertical_align\":\"middle\",\"title_position\":\"top-left\",\"title_rotation\":\"left\",\"title_breakpoint\":\"xl\",\"image_position\":\"center-center\",\"image\":\"wp-content\\\/uploads\\\/2021\\\/10\\\/aaron-blanco-tejedor-yH18lOSaZVQ-unsplash-scaled.jpg\",\"padding\":\"large\",\"height\":\"percent\"},\"children\":[{\"type\":\"row\",\"children\":[{\"type\":\"column\",\"props\":{\"image_position\":\"center-center\",\"media_overlay_gradient\":\"\",\"position_sticky_breakpoint\":\"m\"},\"children\":[]}]}]},{\"type\":\"section\",\"props\":{\"style\":\"default\",\"width\":\"default\",\"vertical_align\":\"middle\",\"title_position\":\"top-left\",\"title_rotation\":\"left\",\"title_breakpoint\":\"xl\",\"image_position\":\"center-center\",\"padding_remove_top\":true,\"padding_remove_bottom\":true},\"children\":[{\"type\":\"row\",\"children\":[{\"type\":\"column\",\"props\":{\"image_position\":\"center-center\",\"media_overlay_gradient\":\"\",\"position_sticky_breakpoint\":\"m\"},\"children\":[{\"type\":\"headline\",\"props\":{\"title_element\":\"h1\",\"content\":\"\n\n<h2>La mission<\\\/h2>\"}},{\"type\":\"text\",\"props\":{\"margin\":\"default\",\"column_breakpoint\":\"m\",\"content\":\"\n\n<p>La<span>\\u00a0<\\\/span><strong>ASP della Romagna Faentina<\\\/strong><span>\\u00a0<\\\/span>\\u00e8 un ente pubblico di servizi alla persona che storicamente si rivolge ai soggetti pi\\u00f9 fragili del territorio, che intende:<\\\/p>\\n\n\n<ul>\\n\n\n<li>essere un interlocutore capace di intercettare la fragilit\\u00e0 emergente e<span>\\u00a0<\\\/span><strong>dare risposte tempestive alle esigenze del territorio<\\\/strong><span>\\u00a0<\\\/span>grazie al forte legame con la comunit\\u00e0 di riferimento derivante dalla tradizione e dalle relazioni con il tessuto sociale;<\\\/li>\\n\n\n<li>offrire assistenza, supporto, cura e vicinanza in particolare alle fasce deboli della popolazione, attraverso la<span>\\u00a0<\\\/span><strong>creazione di una rete di servizi integrati e innovativi<\\\/strong>, alla flessibilit\\u00e0 e rapidit\\u00e0 nell\\u2019erogazione degli interventi, al valore umano e professionale dei suoi operatori;<\\\/li>\\n\n\n<li>generare esperienze di sussidiariet\\u00e0 orizzontale sul territorio della Romagna Faentina e diffondere una<span>\\u00a0<\\\/span><strong>cultura improntata alla partecipazione, alla trasparenza e ai valori condivisi<\\\/strong><span>\\u00a0<\\\/span>con le comunit\\u00e0.<\\\/li>\\n<\\\/ul>\"}}]}]}]},{\"type\":\"section\",\"props\":{\"style\":\"default\",\"width\":\"default\",\"vertical_align\":\"middle\",\"title_position\":\"top-left\",\"title_rotation\":\"left\",\"title_breakpoint\":\"xl\",\"image_position\":\"center-center\",\"padding_remove_top\":true,\"padding_remove_bottom\":true},\"children\":[{\"type\":\"row\",\"children\":[{\"type\":\"column\",\"props\":{\"image_position\":\"center-center\",\"media_overlay_gradient\":\"\",\"position_sticky_breakpoint\":\"m\"},\"children\":[{\"type\":\"headline\",\"props\":{\"title_element\":\"h1\",\"content\":\"\n\n<h2>I valori<\\\/h2>\"}},{\"type\":\"text\",\"props\":{\"margin\":\"default\",\"column_breakpoint\":\"m\",\"content\":\"\n\n<p>I principi e i valori che ispirano i programmi, le attivit\\u00e0 degli operatori, i rapporti con i cittadini:<\\\/p>\"}},{\"type\":\"grid\",\"props\":{\"show_title\":true,\"show_meta\":true,\"show_content\":true,\"show_image\":true,\"show_link\":true,\"grid_default\":\"1\",\"grid_medium\":\"3\",\"filter_style\":\"tab\",\"filter_all\":true,\"filter_position\":\"top\",\"filter_align\":\"left\",\"filter_grid_width\":\"auto\",\"filter_grid_breakpoint\":\"m\",\"title_hover_style\":\"reset\",\"title_element\":\"h6\",\"title_align\":\"top\",\"title_grid_width\":\"1-2\",\"title_grid_breakpoint\":\"m\",\"meta_style\":\"meta\",\"meta_align\":\"below-title\",\"meta_element\":\"div\",\"content_column_breakpoint\":\"m\",\"icon_width\":80,\"image_align\":\"top\",\"image_grid_width\":\"1-2\",\"image_grid_breakpoint\":\"m\",\"image_svg_color\":\"emphasis\",\"link_text\":\"Read more\",\"link_style\":\"default\",\"margin\":\"default\",\"item_animation\":true,\"panel_style\":\"card-default\",\"title_style\":\"h5\",\"image_width\":\"100\",\"text_align\":\"center\",\"panel_padding\":\"default\"},\"children\":[{\"type\":\"grid_item\",\"props\":{\"title\":\"CENTRALITA\\u2019 DELLA PERSONA\",\"content\":\"\n\n<p style=\\\"text-align: left;\\\"><span>Gli assistiti quali soggetti di riferimento per tutte le scelte del servizio. Visti come persone con bisogni assistenziali, sanitari, relazionali e affettivi. Visti come cittadini portatori di diritti. Visti come clienti che portano richieste e danno risorse.<\\\/span><\\\/p>\",\"image\":\"wp-content\\\/uploads\\\/2021\\\/10\\\/hand.png\"}},{\"type\":\"grid_item\",\"props\":{\"title\":\"PROFESSIONALITA\\u2019 DEGLI OPERATORI\",\"content\":\"\n\n<p style=\\\"text-align: left;\\\"><span>Gli operatori sanitari e socio assistenziali sono i garanti del benessere dell\\u2019anziano e della qualit\\u00e0 del servizio. Sono il capitale principale dei nostri servizi. Per tali ragioni sono fondamentali le capacit\\u00e0 tecnico-operative e relazionali di ognuno.<\\\/span><\\\/p>\",\"image\":\"wp-content\\\/uploads\\\/2021\\\/10\\\/employee.png\"}},{\"type\":\"grid_item\",\"props\":{\"title\":\"I FAMILIARI VISTI COME UNA RISORSA\",\"content\":\"\n\n<p style=\\\"text-align: left;\\\"><span>L\\u2019alleanza fra i familiari e l\\u2019intero servizio \\u00e8 costantemente ricercata sia al momento dell\\u2019ingresso sia per la definizione e il raggiungimento di alcuni obiettivi fondamentali per il benessere psico-fisico degli assistiti.<\\\/span><\\\/p>\",\"image\":\"wp-content\\\/uploads\\\/2021\\\/10\\\/parents.png\"}}]}]}]}]},{\"type\":\"section\",\"props\":{\"style\":\"default\",\"width\":\"default\",\"vertical_align\":\"middle\",\"title_position\":\"top-left\",\"title_rotation\":\"left\",\"title_breakpoint\":\"xl\",\"image_position\":\"center-center\",\"padding_remove_top\":true,\"padding_remove_bottom\":false},\"children\":[{\"type\":\"row\",\"children\":[{\"type\":\"column\",\"props\":{\"image_position\":\"center-center\",\"media_overlay_gradient\":\"\",\"position_sticky_breakpoint\":\"m\"},\"children\":[{\"type\":\"headline\",\"props\":{\"title_element\":\"h1\",\"content\":\"\n\n<h2>La nostra storia<\\\/h2>\"}},{\"type\":\"text\",\"props\":{\"margin\":\"default\",\"column_breakpoint\":\"m\",\"content\":\"\n\n<p>ASP della Romagna Faentina \\u00e8 stata costituita con DGR n. 54\\\/2015 e decorrenza 1 febbraio 2015 dall\\u2019unificazione di due Aziende di Servizi alla Persona: l\\u2019ASP \\u201cPrendersi cura\\u201d di Faenza e l\\u2019ASP \\u201cSolidariet\\u00e0 Insieme\\u201d di Castel Bolognese.<br \\\/>Entrambe le ASP si rivolgono storicamente ai soggetti pi\\u00f9 fragili del territorio, a minori, adolescenti, disabili e anziani, offrendo servizi in ambito assistenziale, sociale e socio-sanitario.<br \\\/>L\\u2019innovazione e lo sviluppo dei servizi di oggi si coniuga con la tradizione derivante dalla lunga storia delle Opere Pie, o IPAB, diventate nel 2008 Aziende di Servizi alla Persona.<\\\/p>\\n\n\n<p><strong>La storia dell\\u2019ASP \\u201cPrendersi cura\\u201d<\\\/strong><\\\/p>\\n\n\n<p>Da Opera Pia o IPAB, nel marzo 2008, diventa Azienda Pubblica di Servizi alla Persona mantenendo la sua vocazione di vicinanza ai bisogni del territorio, di aiuto, sostegno e protezione nei confronti delle persone che si trovano a vivere un fragile periodo della vita connotato da difficolt\\u00e0.<br \\\/>I suoi punti di riferimento si trovano a Faenza presso la Residenza \\u201cIl Fontanone\\u201d e a Solarolo presso la Residenza \\u201cBennoli\\u201d.<br \\\/>Nel corso degli anni sono stati portati avanti importanti interventi di ristrutturazione del patrimonio immobiliare ospitanti le attivit\\u00e0 dell\\u2019ASP, unitamente alla realizzazione di nuovi ambienti per il potenziamento dei servizi.<br \\\/>Sono instaurate importanti collaborazioni con gli attori del territorio e gli enti di volontariato che supportano l\\u2019attivit\\u00e0 dell\\u2019ASP.<\\\/p>\\n\n\n<p><strong>La storia dell\\u2019ASP \\u201cSolidariet\\u00e0 Insieme\\u201d<\\\/strong><\\\/p>\\n\n\n<p>L\\u2019inizio dell\\u2019attivit\\u00e0 risale al 1 febbraio 2008. \\u00c8 sorta dalla fusione delle seguenti istituzioni pubbliche di assistenza e beneficienza presenti storicamente nel territorio del Distretto di Faenza.<br \\\/>Nello specifico: 7 Opere Pie Raggruppate di Brisighella (Opera Pia Mazzetti, Opera Pia Paolina, Opera Pia Orfanotrofio Maschile Lega, Opera Pia Orfanotrofio Femminile Garatoni, Opera Pia Carlo e Lucia Ragazzini, Opera Pia di Beneficienza Lega-Zambelli); casa di riposo per anziani \\u201cS. Caterina e Don Ciani\\u201d di Fognano; Opera Pia casa di riposo \\u201cS. Antonio Abate e SS. Filippo e Giacomo\\u201d di Casola Valsenio; 2 Opere Pie Raggruppate di Castel Bolognese (Opera Pia Camerini ed Ospedale degli Infermi, Opera Pia Orfanotrofio Femminile).<\\\/p>\",\"css\":\".el-element{\\n    text-align:justify;\\n}\"}}]}]},{\"type\":\"row\",\"children\":[{\"type\":\"column\",\"props\":{\"position_sticky_breakpoint\":\"m\",\"image_position\":\"center-center\",\"media_overlay_gradient\":\"\"},\"children\":[{\"type\":\"grid\",\"props\":{\"show_title\":true,\"show_meta\":true,\"show_content\":true,\"show_image\":true,\"show_link\":true,\"grid_default\":\"1\",\"grid_medium\":\"2\",\"filter_style\":\"tab\",\"filter_all\":true,\"filter_position\":\"top\",\"filter_align\":\"left\",\"filter_grid_width\":\"auto\",\"filter_grid_breakpoint\":\"m\",\"title_hover_style\":\"reset\",\"title_element\":\"h3\",\"title_align\":\"top\",\"title_grid_width\":\"1-2\",\"title_grid_breakpoint\":\"m\",\"meta_style\":\"meta\",\"meta_align\":\"below-title\",\"meta_element\":\"div\",\"content_column_breakpoint\":\"m\",\"icon_width\":80,\"image_align\":\"top\",\"image_grid_width\":\"1-2\",\"image_grid_breakpoint\":\"m\",\"image_svg_color\":\"emphasis\",\"link_text\":\"Scopri di pi\\u00f9\",\"link_style\":\"default\",\"margin\":\"default\",\"item_animation\":true,\"panel_style\":\"card-default\",\"panel_padding\":\"default\",\"text_align\":\"center\"},\"children\":[{\"type\":\"grid_item\",\"props\":{\"title\":\"Atti Costitutivi\",\"link\":\"index.php?page_id=3321\"}},{\"type\":\"grid_item\",\"props\":{\"title\":\"Bilanci\",\"link\":\"index.php?page_id=3323\"}}]}]}]}]}],\"version\":\"2.7.16\"} --><\/p>\n","protected":false},"excerpt":{"rendered":"<p>La mission La\u00a0ASP della Romagna Faentina\u00a0\u00e8 un ente pubblico di servizi alla persona che storicamente si rivolge ai soggetti pi\u00f9 fragili del territorio, che intende: essere un interlocutore capace di intercettare la fragilit\u00e0 emergente e\u00a0dare risposte tempestive alle esigenze del territorio\u00a0grazie al forte legame con la comunit\u00e0 di riferimento derivante dalla tradizione e dalle relazioni [&hellip;]<\/p>\n","protected":false},"author":6,"featured_media":0,"parent":0,"menu_order":0,"comment_status":"closed","ping_status":"closed","template":"","meta":{"_themeisle_gutenberg_block_has_review":false,"footnotes":""},"class_list":["post-73","page","type-page","status-publish","hentry"],"rttpg_featured_image_url":null,"rttpg_author":{"display_name":"progettofuturo","author_link":"https:\/\/www.aspromagnafaentina.it\/?author=6"},"rttpg_comment":0,"rttpg_category":null,"rttpg_excerpt":"La mission La\u00a0ASP della Romagna Faentina\u00a0\u00e8 un ente pubblico di servizi alla persona che storicamente si rivolge ai soggetti pi\u00f9 fragili del territorio, che intende: essere un interlocutore capace di intercettare la fragilit\u00e0 emergente e\u00a0dare risposte tempestive alle esigenze del territorio\u00a0grazie al forte legame con la comunit\u00e0 di riferimento derivante dalla tradizione e dalle relazioni&hellip;","_links":{"self":[{"href":"https:\/\/www.aspromagnafaentina.it\/index.php?rest_route=\/wp\/v2\/pages\/73","targetHints":{"allow":["GET"]}}],"collection":[{"href":"https:\/\/www.aspromagnafaentina.it\/index.php?rest_route=\/wp\/v2\/pages"}],"about":[{"href":"https:\/\/www.aspromagnafaentina.it\/index.php?rest_route=\/wp\/v2\/types\/page"}],"author":[{"embeddable":true,"href":"https:\/\/www.aspromagnafaentina.it\/index.php?rest_route=\/wp\/v2\/users\/6"}],"replies":[{"embeddable":true,"href":"https:\/\/www.aspromagnafaentina.it\/index.php?rest_route=%2Fwp%2Fv2%2Fcomments&post=73"}],"version-history":[{"count":0,"href":"https:\/\/www.aspromagnafaentina.it\/index.php?rest_route=\/wp\/v2\/pages\/73\/revisions"}],"wp:attachment":[{"href":"https:\/\/www.aspromagnafaentina.it\/index.php?rest_route=%2Fwp%2Fv2%2Fmedia&parent=73"}],"curies":[{"name":"wp","href":"https:\/\/api.w.org\/{rel}","templated":true}]}}